{"id":2125,"date":"2023-07-06T22:21:39","date_gmt":"2023-07-06T22:21:39","guid":{"rendered":"https:\/\/desistore.com.mx\/?post_type=product&#038;p=2125"},"modified":"2025-02-20T19:07:50","modified_gmt":"2025-02-20T19:07:50","slug":"chaleco-tipo-brigadista-con-reflejante","status":"publish","type":"product","link":"https:\/\/desistore.com.mx\/astra\/producto\/chaleco-tipo-brigadista-con-reflejante\/","title":{"rendered":"CHALECO TIPO BRIGADISTA CON REFLEJANTE"},"content":{"rendered":"","protected":false},"excerpt":{"rendered":"<ul>\n<li>Indispensable para personal supervisor en obra.<\/li>\n<li>Excelente para labores de vigilancia en interiores y al aire libre.<\/li>\n<li>En \u00e1reas de trabajo o actividades cerca de veh\u00edculos o equipo en marcha.<\/li>\n<li>Fabricados en gabardina 80% algod\u00f3n 20% poli\u00e9ster.<\/li>\n<li>Reflejante textil en color gris de 2\u201d de ancho.<\/li>\n<li>Costados abiertos con correas para ajustar a cualquier talla.<\/li>\n<li>Bolsa trasera grande, bolsa para gafete, radio y bolsas gemelas al frente con cierre.<\/li>\n<\/ul>\n","protected":false},"featured_media":2126,"template":"","meta":{"_uag_custom_page_level_css":"","site-sidebar-layout":"default","site-content-layout":"content-boxed-container","ast-site-content-layout":"normal-width-container","site-content-style":"boxed","site-sidebar-style":"unboxed","ast-global-header-display":"","ast-banner-title-visibility":"","ast-main-header-display":"","ast-hfb-above-header-display":"","ast-hfb-below-header-display":"","ast-hfb-mobile-header-display":"","site-post-title":"","ast-breadcrumbs-content":"","ast-featured-img":"","footer-sml-layout":"","theme-transparent-header-meta":"default","adv-header-id-meta":"","stick-header-meta":"","header-above-stick-meta":"","header-main-stick-meta":"","header-below-stick-meta":"","astra-migrate-meta-layouts":"set","ast-page-background-enabled":"default","ast-page-background-meta":{"desktop":{"background-color":"","background-image":"","background-repeat":"repeat","background-position":"center center","background-size":"auto","background-attachment":"scroll","background-type":"","background-media":"","overlay-type":"","overlay-color":"","overlay-opacity":"","overlay-gradient":""},"tablet":{"background-color":"","background-image":"","background-repeat":"repeat","background-position":"center center","background-size":"auto","background-attachment":"scroll","background-type":"","background-media":"","overlay-type":"","overlay-color":"","overlay-opacity":"","overlay-gradient":""},"mobile":{"background-color":"","background-image":"","background-repeat":"repeat","background-position":"center center","background-size":"auto","background-attachment":"scroll","background-type":"","background-media":"","overlay-type":"","overlay-color":"","overlay-opacity":"","overlay-gradient":""}},"ast-content-background-meta":{"desktop":{"background-color":"var(--ast-global-color-5)","background-image":"","background-repeat":"repeat","background-position":"center center","background-size":"auto","background-attachment":"scroll","background-type":"","background-media":"","overlay-type":"","overlay-color":"","overlay-opacity":"","overlay-gradient":""},"tablet":{"background-color":"var(--ast-global-color-5)","background-image":"","background-repeat":"repeat","background-position":"center center","background-size":"auto","background-attachment":"scroll","background-type":"","background-media":"","overlay-type":"","overlay-color":"","overlay-opacity":"","overlay-gradient":""},"mobile":{"background-color":"var(--ast-global-color-5)","background-image":"","background-repeat":"repeat","background-position":"center center","background-size":"auto","background-attachment":"scroll","background-type":"","background-media":"","overlay-type":"","overlay-color":"","overlay-opacity":"","overlay-gradient":""}},"_joinchat":[]},"product_brand":[],"product_cat":[91],"product_tag":[46],"class_list":{"0":"post-2125","1":"product","2":"type-product","3":"status-publish","4":"has-post-thumbnail","6":"product_cat-ropa-industrial","7":"product_tag-desi","8":"desktop-align-left","9":"tablet-align-left","10":"mobile-align-left","12":"first","13":"instock","14":"featured","15":"shipping-taxable","16":"product-type-simple"},"uagb_featured_image_src":{"full":["https:\/\/desistore.com.mx\/astra\/wp-content\/uploads\/2023\/07\/brigadista-3.png",2554,2288,false],"thumbnail":["https:\/\/desistore.com.mx\/astra\/wp-content\/uploads\/2023\/07\/brigadista-3-150x150.png",150,150,true],"medium":["https:\/\/desistore.com.mx\/astra\/wp-content\/uploads\/2023\/07\/brigadista-3-300x269.png",300,269,true],"medium_large":["https:\/\/desistore.com.mx\/astra\/wp-content\/uploads\/2023\/07\/brigadista-3-768x688.png",768,688,true],"large":["https:\/\/desistore.com.mx\/astra\/wp-content\/uploads\/2023\/07\/brigadista-3-1024x917.png",1024,917,true],"1536x1536":["https:\/\/desistore.com.mx\/astra\/wp-content\/uploads\/2023\/07\/brigadista-3-1536x1376.png",1536,1376,true],"2048x2048":["https:\/\/desistore.com.mx\/astra\/wp-content\/uploads\/2023\/07\/brigadista-3-2048x1835.png",2048,1835,true],"woocommerce_thumbnail":["https:\/\/desistore.com.mx\/astra\/wp-content\/uploads\/2023\/07\/brigadista-3-300x300.png",300,300,true],"woocommerce_single":["https:\/\/desistore.com.mx\/astra\/wp-content\/uploads\/2023\/07\/brigadista-3-600x538.png",600,538,true],"woocommerce_gallery_thumbnail":["https:\/\/desistore.com.mx\/astra\/wp-content\/uploads\/2023\/07\/brigadista-3-100x100.png",100,100,true]},"uagb_author_info":{"display_name":"admin","author_link":"https:\/\/desistore.com.mx\/astra\/author\/"},"uagb_comment_info":0,"uagb_excerpt":"Indispensable para personal supervisor en obra. Excelente para labores de vigilancia en interiores y al aire libre. En \u00e1reas de trabajo o actividades cerca de veh\u00edculos o equipo en marcha. Fabricados en gabardina 80% algod\u00f3n 20% poli\u00e9ster. Reflejante textil en color gris de 2\u201d de ancho. Costados abiertos con correas para ajustar a cualquier talla.&hellip;","_links":{"self":[{"href":"https:\/\/desistore.com.mx\/astra\/wp-json\/wp\/v2\/product\/2125","targetHints":{"allow":["GET"]}}],"collection":[{"href":"https:\/\/desistore.com.mx\/astra\/wp-json\/wp\/v2\/product"}],"about":[{"href":"https:\/\/desistore.com.mx\/astra\/wp-json\/wp\/v2\/types\/product"}],"wp:featuredmedia":[{"embeddable":true,"href":"https:\/\/desistore.com.mx\/astra\/wp-json\/wp\/v2\/media\/2126"}],"wp:attachment":[{"href":"https:\/\/desistore.com.mx\/astra\/wp-json\/wp\/v2\/media?parent=2125"}],"wp:term":[{"taxonomy":"product_brand","embeddable":true,"href":"https:\/\/desistore.com.mx\/astra\/wp-json\/wp\/v2\/product_brand?post=2125"},{"taxonomy":"product_cat","embeddable":true,"href":"https:\/\/desistore.com.mx\/astra\/wp-json\/wp\/v2\/product_cat?post=2125"},{"taxonomy":"product_tag","embeddable":true,"href":"https:\/\/desistore.com.mx\/astra\/wp-json\/wp\/v2\/product_tag?post=2125"}],"curies":[{"name":"wp","href":"https:\/\/api.w.org\/{rel}","templated":true}]}}