{"id":2274,"date":"2023-07-12T23:50:33","date_gmt":"2023-07-12T23:50:33","guid":{"rendered":"https:\/\/desistore.com.mx\/?post_type=product&#038;p=2274"},"modified":"2024-12-12T00:53:40","modified_gmt":"2024-12-12T00:53:40","slug":"guante-de-algodon-palma-de-latex-amarillo-talla-xs","status":"publish","type":"product","link":"https:\/\/desistore.com.mx\/astra\/producto\/guante-de-algodon-palma-de-latex-amarillo-talla-xs\/","title":{"rendered":"GUANTE DE ALGODON PALMA DE LATEX AMARILLO TALLA XS"},"content":{"rendered":"<p>Unitallas ajustable al tama\u00f1o de la mayor\u00eda de los usuarios.<br \/>\nGuante tejido de algod\u00f3n 70 grs par.<br \/>\nPeso con capa de l\u00e1tex en palma 170 grs par.<\/p>\n<p>Aplicaciones<\/p>\n<ul>\n<li>Alba\u00f1iler\u00eda<\/li>\n<li>Carga y descarga de materiales como: varillas, Armex, vidrio, piedras, block, ladrillo, adoquines etc.<\/li>\n<\/ul>\n","protected":false},"excerpt":{"rendered":"<ul>\n<li>Guante fabricado de poli\u00e9ster con algod\u00f3n con revestimiento de l\u00e1tex amarillo en palma.<\/li>\n<li>70% algod\u00f3n 30% poli\u00e9ster<\/li>\n<li>Este guante ofrece excelente resistencia a pinchaduras y algunos procesos de corte.<\/li>\n<li>La ausencia de costuras logra que ese modelo sea muy confortable y fresco.<\/li>\n<li>Garantiza un agarre muy firme en superficies secas y h\u00famedas.<\/li>\n<\/ul>\n","protected":false},"featured_media":0,"template":"","meta":{"_uag_custom_page_level_css":"","site-sidebar-layout":"default","site-content-layout":"content-boxed-container","ast-site-content-layout":"default","site-content-style":"default","site-sidebar-style":"default","ast-global-header-display":"","ast-banner-title-visibility":"","ast-main-header-display":"","ast-hfb-above-header-display":"","ast-hfb-below-header-display":"","ast-hfb-mobile-header-display":"","site-post-title":"","ast-breadcrumbs-content":"","ast-featured-img":"","footer-sml-layout":"","theme-transparent-header-meta":"default","adv-header-id-meta":"","stick-header-meta":"","header-above-stick-meta":"","header-main-stick-meta":"","header-below-stick-meta":"","astra-migrate-meta-layouts":"default","ast-page-background-enabled":"default","ast-page-background-meta":{"desktop":{"background-color":"","background-image":"","background-repeat":"repeat","background-position":"center center","background-size":"auto","background-attachment":"scroll","background-type":"","background-media":"","overlay-type":"","overlay-color":"","overlay-opacity":"","overlay-gradient":""},"tablet":{"background-color":"","background-image":"","background-repeat":"repeat","background-position":"center center","background-size":"auto","background-attachment":"scroll","background-type":"","background-media":"","overlay-type":"","overlay-color":"","overlay-opacity":"","overlay-gradient":""},"mobile":{"background-color":"","background-image":"","background-repeat":"repeat","background-position":"center center","background-size":"auto","background-attachment":"scroll","background-type":"","background-media":"","overlay-type":"","overlay-color":"","overlay-opacity":"","overlay-gradient":""}},"ast-content-background-meta":{"desktop":{"background-color":"var(--ast-global-color-5)","background-image":"","background-repeat":"repeat","background-position":"center center","background-size":"auto","background-attachment":"scroll","background-type":"","background-media":"","overlay-type":"","overlay-color":"","overlay-opacity":"","overlay-gradient":""},"tablet":{"background-color":"var(--ast-global-color-5)","background-image":"","background-repeat":"repeat","background-position":"center center","background-size":"auto","background-attachment":"scroll","background-type":"","background-media":"","overlay-type":"","overlay-color":"","overlay-opacity":"","overlay-gradient":""},"mobile":{"background-color":"var(--ast-global-color-5)","background-image":"","background-repeat":"repeat","background-position":"center center","background-size":"auto","background-attachment":"scroll","background-type":"","background-media":"","overlay-type":"","overlay-color":"","overlay-opacity":"","overlay-gradient":""}},"_joinchat":[]},"product_brand":[],"product_cat":[15],"product_tag":[46],"class_list":{"0":"post-2274","1":"product","2":"type-product","3":"status-publish","5":"product_cat-proteccion-para-las-manos","6":"product_tag-desi","7":"desktop-align-left","8":"tablet-align-left","9":"mobile-align-left","11":"first","12":"outofstock","13":"shipping-taxable","14":"purchasable","15":"product-type-simple"},"uagb_featured_image_src":{"full":false,"thumbnail":false,"medium":false,"medium_large":false,"large":false,"1536x1536":false,"2048x2048":false,"woocommerce_thumbnail":false,"woocommerce_single":false,"woocommerce_gallery_thumbnail":false},"uagb_author_info":{"display_name":"admin","author_link":"https:\/\/desistore.com.mx\/astra\/author\/"},"uagb_comment_info":0,"uagb_excerpt":"Guante fabricado de poli\u00e9ster con algod\u00f3n con revestimiento de l\u00e1tex amarillo en palma. 70% algod\u00f3n 30% poli\u00e9ster Este guante ofrece excelente resistencia a pinchaduras y algunos procesos de corte. La ausencia de costuras logra que ese modelo sea muy confortable y fresco. Garantiza un agarre muy firme en superficies secas y h\u00famedas.","_links":{"self":[{"href":"https:\/\/desistore.com.mx\/astra\/wp-json\/wp\/v2\/product\/2274","targetHints":{"allow":["GET"]}}],"collection":[{"href":"https:\/\/desistore.com.mx\/astra\/wp-json\/wp\/v2\/product"}],"about":[{"href":"https:\/\/desistore.com.mx\/astra\/wp-json\/wp\/v2\/types\/product"}],"wp:attachment":[{"href":"https:\/\/desistore.com.mx\/astra\/wp-json\/wp\/v2\/media?parent=2274"}],"wp:term":[{"taxonomy":"product_brand","embeddable":true,"href":"https:\/\/desistore.com.mx\/astra\/wp-json\/wp\/v2\/product_brand?post=2274"},{"taxonomy":"product_cat","embeddable":true,"href":"https:\/\/desistore.com.mx\/astra\/wp-json\/wp\/v2\/product_cat?post=2274"},{"taxonomy":"product_tag","embeddable":true,"href":"https:\/\/desistore.com.mx\/astra\/wp-json\/wp\/v2\/product_tag?post=2274"}],"curies":[{"name":"wp","href":"https:\/\/api.w.org\/{rel}","templated":true}]}}