{"id":2333,"date":"2023-07-19T19:25:06","date_gmt":"2023-07-19T19:25:06","guid":{"rendered":"https:\/\/desistore.com.mx\/?post_type=product&#038;p=2333"},"modified":"2023-07-19T19:25:07","modified_gmt":"2023-07-19T19:25:07","slug":"lente-nemesis-mica-ambar-arm-negro","status":"publish","type":"product","link":"https:\/\/desistore.com.mx\/astra\/producto\/lente-nemesis-mica-ambar-arm-negro\/","title":{"rendered":"LENTE NEMESIS MICA AMBAR \/ ARM NEGRO"},"content":{"rendered":"","protected":false},"excerpt":{"rendered":"<ul>\n<li>Armaz\u00f3n: Negro.<\/li>\n<li>Mica: Ambar.<\/li>\n<li>Recubrimiento anti rayaduras.<\/li>\n<li>Mica de policarbonato que proporciona 99.9% de protecci\u00f3n contra UVA \/ UVB \/ UVC.<\/li>\n<li>Puente nasal integrado con canales que ayudan a desviar la transpiraci\u00f3n.<\/li>\n<li>Terminales flexibles que se ahorman a la cabeza y reducen la presi\u00f3n lo que permite utilizarlos por largos periodos.<\/li>\n<li>Incluye cord\u00f3n ajustable.<\/li>\n<li>Cumple con la norma ANSI Z87.1+2010 de protecci\u00f3n ocular.<\/li>\n<\/ul>\n","protected":false},"featured_media":2334,"template":"","meta":{"_uag_custom_page_level_css":"","site-sidebar-layout":"default","site-content-layout":"content-boxed-container","ast-site-content-layout":"default","site-content-style":"default","site-sidebar-style":"default","ast-global-header-display":"","ast-banner-title-visibility":"","ast-main-header-display":"","ast-hfb-above-header-display":"","ast-hfb-below-header-display":"","ast-hfb-mobile-header-display":"","site-post-title":"","ast-breadcrumbs-content":"","ast-featured-img":"","footer-sml-layout":"","theme-transparent-header-meta":"default","adv-header-id-meta":"","stick-header-meta":"","header-above-stick-meta":"","header-main-stick-meta":"","header-below-stick-meta":"","astra-migrate-meta-layouts":"default","ast-page-background-enabled":"default","ast-page-background-meta":{"desktop":{"background-color":"","background-image":"","background-repeat":"repeat","background-position":"center center","background-size":"auto","background-attachment":"scroll","background-type":"","background-media":"","overlay-type":"","overlay-color":"","overlay-opacity":"","overlay-gradient":""},"tablet":{"background-color":"","background-image":"","background-repeat":"repeat","background-position":"center center","background-size":"auto","background-attachment":"scroll","background-type":"","background-media":"","overlay-type":"","overlay-color":"","overlay-opacity":"","overlay-gradient":""},"mobile":{"background-color":"","background-image":"","background-repeat":"repeat","background-position":"center center","background-size":"auto","background-attachment":"scroll","background-type":"","background-media":"","overlay-type":"","overlay-color":"","overlay-opacity":"","overlay-gradient":""}},"ast-content-background-meta":{"desktop":{"background-color":"var(--ast-global-color-5)","background-image":"","background-repeat":"repeat","background-position":"center center","background-size":"auto","background-attachment":"scroll","background-type":"","background-media":"","overlay-type":"","overlay-color":"","overlay-opacity":"","overlay-gradient":""},"tablet":{"background-color":"var(--ast-global-color-5)","background-image":"","background-repeat":"repeat","background-position":"center center","background-size":"auto","background-attachment":"scroll","background-type":"","background-media":"","overlay-type":"","overlay-color":"","overlay-opacity":"","overlay-gradient":""},"mobile":{"background-color":"var(--ast-global-color-5)","background-image":"","background-repeat":"repeat","background-position":"center center","background-size":"auto","background-attachment":"scroll","background-type":"","background-media":"","overlay-type":"","overlay-color":"","overlay-opacity":"","overlay-gradient":""}},"_joinchat":[]},"product_brand":[],"product_cat":[90],"product_tag":[],"class_list":{"0":"post-2333","1":"product","2":"type-product","3":"status-publish","4":"has-post-thumbnail","6":"product_cat-proteccion-visual","7":"desktop-align-left","8":"tablet-align-left","9":"mobile-align-left","11":"first","12":"instock","13":"shipping-taxable","14":"purchasable","15":"product-type-simple"},"uagb_featured_image_src":{"full":["https:\/\/desistore.com.mx\/astra\/wp-content\/uploads\/2023\/07\/SKC25659.jpg",1081,1080,false],"thumbnail":["https:\/\/desistore.com.mx\/astra\/wp-content\/uploads\/2023\/07\/SKC25659-150x150.jpg",150,150,true],"medium":["https:\/\/desistore.com.mx\/astra\/wp-content\/uploads\/2023\/07\/SKC25659-300x300.jpg",300,300,true],"medium_large":["https:\/\/desistore.com.mx\/astra\/wp-content\/uploads\/2023\/07\/SKC25659-768x767.jpg",768,767,true],"large":["https:\/\/desistore.com.mx\/astra\/wp-content\/uploads\/2023\/07\/SKC25659-1024x1024.jpg",1024,1024,true],"1536x1536":["https:\/\/desistore.com.mx\/astra\/wp-content\/uploads\/2023\/07\/SKC25659.jpg",1081,1080,false],"2048x2048":["https:\/\/desistore.com.mx\/astra\/wp-content\/uploads\/2023\/07\/SKC25659.jpg",1081,1080,false],"woocommerce_thumbnail":["https:\/\/desistore.com.mx\/astra\/wp-content\/uploads\/2023\/07\/SKC25659-300x300.jpg",300,300,true],"woocommerce_single":["https:\/\/desistore.com.mx\/astra\/wp-content\/uploads\/2023\/07\/SKC25659-600x599.jpg",600,599,true],"woocommerce_gallery_thumbnail":["https:\/\/desistore.com.mx\/astra\/wp-content\/uploads\/2023\/07\/SKC25659-100x100.jpg",100,100,true]},"uagb_author_info":{"display_name":"admin","author_link":"https:\/\/desistore.com.mx\/astra\/author\/"},"uagb_comment_info":0,"uagb_excerpt":"Armaz\u00f3n: Negro. Mica: Ambar. Recubrimiento anti rayaduras. Mica de policarbonato que proporciona 99.9% de protecci\u00f3n contra UVA \/ UVB \/ UVC. Puente nasal integrado con canales que ayudan a desviar la transpiraci\u00f3n. Terminales flexibles que se ahorman a la cabeza y reducen la presi\u00f3n lo que permite utilizarlos por largos periodos. Incluye cord\u00f3n ajustable. Cumple&hellip;","_links":{"self":[{"href":"https:\/\/desistore.com.mx\/astra\/wp-json\/wp\/v2\/product\/2333","targetHints":{"allow":["GET"]}}],"collection":[{"href":"https:\/\/desistore.com.mx\/astra\/wp-json\/wp\/v2\/product"}],"about":[{"href":"https:\/\/desistore.com.mx\/astra\/wp-json\/wp\/v2\/types\/product"}],"wp:featuredmedia":[{"embeddable":true,"href":"https:\/\/desistore.com.mx\/astra\/wp-json\/wp\/v2\/media\/2334"}],"wp:attachment":[{"href":"https:\/\/desistore.com.mx\/astra\/wp-json\/wp\/v2\/media?parent=2333"}],"wp:term":[{"taxonomy":"product_brand","embeddable":true,"href":"https:\/\/desistore.com.mx\/astra\/wp-json\/wp\/v2\/product_brand?post=2333"},{"taxonomy":"product_cat","embeddable":true,"href":"https:\/\/desistore.com.mx\/astra\/wp-json\/wp\/v2\/product_cat?post=2333"},{"taxonomy":"product_tag","embeddable":true,"href":"https:\/\/desistore.com.mx\/astra\/wp-json\/wp\/v2\/product_tag?post=2333"}],"curies":[{"name":"wp","href":"https:\/\/api.w.org\/{rel}","templated":true}]}}