{"id":2399,"date":"2023-07-20T00:24:59","date_gmt":"2023-07-20T00:24:59","guid":{"rendered":"https:\/\/desistore.com.mx\/?post_type=product&#038;p=2399"},"modified":"2025-02-07T18:41:30","modified_gmt":"2025-02-07T18:41:30","slug":"2399","status":"publish","type":"product","link":"https:\/\/desistore.com.mx\/astra\/producto\/2399\/","title":{"rendered":"traje 3 pza amarillo, chaqueta, capucha desmontable, pantal\u00f3n"},"content":{"rendered":"<p>MCR Safety ofrece una variedad de opciones en prendas de alta visibilidad para<br \/>\nsu aplicaci\u00f3n o preferencia personal. El 2403R es un traje amarillo de 3 piezas<br \/>\nque consiste en una chaqueta con cinta reflejante con capucha desmontable y<br \/>\noverol con material reflejante. Est\u00e1 elaborado de material de PVC\/poli\u00e9ster de .35<br \/>\nmm, que es uno de los materiales m\u00e1s populares en la industria. Este traje NO es<br \/>\nANSI\/ISEA 107 de alta visibilidad.<\/p>\n<p><a href=\"https:\/\/desistore.com.mx\/astra\/wp-content\/uploads\/2023\/07\/FICHA_TECNICA_2403R.pdf\"><img loading=\"lazy\" decoding=\"async\" class=\"alignnone size-medium wp-image-4415\" src=\"https:\/\/desistore.com.mx\/astra\/wp-content\/uploads\/2023\/09\/VECTORDE-FICHA-TECNICA-ECO-300x128.png\" alt=\"\" width=\"300\" height=\"128\" srcset=\"https:\/\/desistore.com.mx\/astra\/wp-content\/uploads\/2023\/09\/VECTORDE-FICHA-TECNICA-ECO-300x128.png 300w, https:\/\/desistore.com.mx\/astra\/wp-content\/uploads\/2023\/09\/VECTORDE-FICHA-TECNICA-ECO-1024x437.png 1024w, https:\/\/desistore.com.mx\/astra\/wp-content\/uploads\/2023\/09\/VECTORDE-FICHA-TECNICA-ECO-768x328.png 768w, https:\/\/desistore.com.mx\/astra\/wp-content\/uploads\/2023\/09\/VECTORDE-FICHA-TECNICA-ECO-600x256.png 600w, https:\/\/desistore.com.mx\/astra\/wp-content\/uploads\/2023\/09\/VECTORDE-FICHA-TECNICA-ECO.png 1350w\" sizes=\"auto, (max-width: 300px) 100vw, 300px\" \/><\/a><\/p>\n","protected":false},"excerpt":{"rendered":"<ul>\n<li>Impermeable .35 mm PVC\/Poli\u00e9ster con reflejantes<\/li>\n<li>3 Piezas incluidas, chaqueta, capucha y overol<\/li>\n<li>Cierre de broches a presi\u00f3n para su f\u00e1cil colocaci\u00f3n<\/li>\n<\/ul>\n","protected":false},"featured_media":2400,"template":"","meta":{"_uag_custom_page_level_css":"","site-sidebar-layout":"default","site-content-layout":"content-boxed-container","ast-site-content-layout":"normal-width-container","site-content-style":"boxed","site-sidebar-style":"unboxed","ast-global-header-display":"","ast-banner-title-visibility":"","ast-main-header-display":"","ast-hfb-above-header-display":"","ast-hfb-below-header-display":"","ast-hfb-mobile-header-display":"","site-post-title":"","ast-breadcrumbs-content":"","ast-featured-img":"","footer-sml-layout":"","theme-transparent-header-meta":"default","adv-header-id-meta":"","stick-header-meta":"","header-above-stick-meta":"","header-main-stick-meta":"","header-below-stick-meta":"","astra-migrate-meta-layouts":"set","ast-page-background-enabled":"default","ast-page-background-meta":{"desktop":{"background-color":"","background-image":"","background-repeat":"repeat","background-position":"center center","background-size":"auto","background-attachment":"scroll","background-type":"","background-media":"","overlay-type":"","overlay-color":"","overlay-opacity":"","overlay-gradient":""},"tablet":{"background-color":"","background-image":"","background-repeat":"repeat","background-position":"center center","background-size":"auto","background-attachment":"scroll","background-type":"","background-media":"","overlay-type":"","overlay-color":"","overlay-opacity":"","overlay-gradient":""},"mobile":{"background-color":"","background-image":"","background-repeat":"repeat","background-position":"center center","background-size":"auto","background-attachment":"scroll","background-type":"","background-media":"","overlay-type":"","overlay-color":"","overlay-opacity":"","overlay-gradient":""}},"ast-content-background-meta":{"desktop":{"background-color":"var(--ast-global-color-5)","background-image":"","background-repeat":"repeat","background-position":"center center","background-size":"auto","background-attachment":"scroll","background-type":"","background-media":"","overlay-type":"","overlay-color":"","overlay-opacity":"","overlay-gradient":""},"tablet":{"background-color":"var(--ast-global-color-5)","background-image":"","background-repeat":"repeat","background-position":"center center","background-size":"auto","background-attachment":"scroll","background-type":"","background-media":"","overlay-type":"","overlay-color":"","overlay-opacity":"","overlay-gradient":""},"mobile":{"background-color":"var(--ast-global-color-5)","background-image":"","background-repeat":"repeat","background-position":"center center","background-size":"auto","background-attachment":"scroll","background-type":"","background-media":"","overlay-type":"","overlay-color":"","overlay-opacity":"","overlay-gradient":""}},"_joinchat":[]},"product_brand":[],"product_cat":[91],"product_tag":[29],"class_list":{"0":"post-2399","1":"product","2":"type-product","3":"status-publish","4":"has-post-thumbnail","6":"product_cat-ropa-industrial","7":"product_tag-mcr","8":"desktop-align-left","9":"tablet-align-left","10":"mobile-align-left","12":"first","13":"instock","14":"shipping-taxable","15":"product-type-simple"},"uagb_featured_image_src":{"full":["https:\/\/desistore.com.mx\/astra\/wp-content\/uploads\/2023\/07\/2403R.png",1092,1091,false],"thumbnail":["https:\/\/desistore.com.mx\/astra\/wp-content\/uploads\/2023\/07\/2403R-150x150.png",150,150,true],"medium":["https:\/\/desistore.com.mx\/astra\/wp-content\/uploads\/2023\/07\/2403R-300x300.png",300,300,true],"medium_large":["https:\/\/desistore.com.mx\/astra\/wp-content\/uploads\/2023\/07\/2403R-768x767.png",768,767,true],"large":["https:\/\/desistore.com.mx\/astra\/wp-content\/uploads\/2023\/07\/2403R-1024x1024.png",1024,1024,true],"1536x1536":["https:\/\/desistore.com.mx\/astra\/wp-content\/uploads\/2023\/07\/2403R.png",1092,1091,false],"2048x2048":["https:\/\/desistore.com.mx\/astra\/wp-content\/uploads\/2023\/07\/2403R.png",1092,1091,false],"woocommerce_thumbnail":["https:\/\/desistore.com.mx\/astra\/wp-content\/uploads\/2023\/07\/2403R-300x300.png",300,300,true],"woocommerce_single":["https:\/\/desistore.com.mx\/astra\/wp-content\/uploads\/2023\/07\/2403R-600x599.png",600,599,true],"woocommerce_gallery_thumbnail":["https:\/\/desistore.com.mx\/astra\/wp-content\/uploads\/2023\/07\/2403R-100x100.png",100,100,true]},"uagb_author_info":{"display_name":"admin","author_link":"https:\/\/desistore.com.mx\/astra\/author\/"},"uagb_comment_info":0,"uagb_excerpt":"Impermeable .35 mm PVC\/Poli\u00e9ster con reflejantes 3 Piezas incluidas, chaqueta, capucha y overol Cierre de broches a presi\u00f3n para su f\u00e1cil colocaci\u00f3n","_links":{"self":[{"href":"https:\/\/desistore.com.mx\/astra\/wp-json\/wp\/v2\/product\/2399","targetHints":{"allow":["GET"]}}],"collection":[{"href":"https:\/\/desistore.com.mx\/astra\/wp-json\/wp\/v2\/product"}],"about":[{"href":"https:\/\/desistore.com.mx\/astra\/wp-json\/wp\/v2\/types\/product"}],"wp:featuredmedia":[{"embeddable":true,"href":"https:\/\/desistore.com.mx\/astra\/wp-json\/wp\/v2\/media\/2400"}],"wp:attachment":[{"href":"https:\/\/desistore.com.mx\/astra\/wp-json\/wp\/v2\/media?parent=2399"}],"wp:term":[{"taxonomy":"product_brand","embeddable":true,"href":"https:\/\/desistore.com.mx\/astra\/wp-json\/wp\/v2\/product_brand?post=2399"},{"taxonomy":"product_cat","embeddable":true,"href":"https:\/\/desistore.com.mx\/astra\/wp-json\/wp\/v2\/product_cat?post=2399"},{"taxonomy":"product_tag","embeddable":true,"href":"https:\/\/desistore.com.mx\/astra\/wp-json\/wp\/v2\/product_tag?post=2399"}],"curies":[{"name":"wp","href":"https:\/\/api.w.org\/{rel}","templated":true}]}}