{"id":2753,"date":"2023-08-02T18:25:45","date_gmt":"2023-08-02T18:25:45","guid":{"rendered":"https:\/\/desistore.com.mx\/?post_type=product&#038;p=2753"},"modified":"2025-01-22T23:57:37","modified_gmt":"2025-01-22T23:57:37","slug":"checklite-lente-claro-2","status":"publish","type":"product","link":"https:\/\/desistore.com.mx\/astra\/producto\/checklite-lente-claro-2\/","title":{"rendered":"CHECKLITE lente claro"},"content":{"rendered":"<p>El elegante Checklite\u00ae CL1 ofrece nuestro exclusivo recubrimiento de lentes<br \/>\nresistente a la rayadura Duramass\u00ae y unas patillas tipo esp\u00e1tula. Elija entre una<br \/>\nselecci\u00f3n de opciones de lentes y colores de dise\u00f1ador para obtener el aspecto<br \/>\nque desea a un precio razonable. Esta opci\u00f3n liviana le brinda una sensaci\u00f3n de<br \/>\ncomodidad y cada Checklite\u00ae CL1 supera a ANSI Z87 +<\/p>\n<p><a href=\"https:\/\/desistore.com.mx\/astra\/wp-content\/uploads\/2023\/08\/FICHA_TECNICA_CL119.pdf\"><img loading=\"lazy\" decoding=\"async\" class=\"alignnone size-medium wp-image-4415\" src=\"https:\/\/desistore.com.mx\/astra\/wp-content\/uploads\/2023\/09\/VECTORDE-FICHA-TECNICA-ECO-300x128.png\" alt=\"\" width=\"300\" height=\"128\" srcset=\"https:\/\/desistore.com.mx\/astra\/wp-content\/uploads\/2023\/09\/VECTORDE-FICHA-TECNICA-ECO-300x128.png 300w, https:\/\/desistore.com.mx\/astra\/wp-content\/uploads\/2023\/09\/VECTORDE-FICHA-TECNICA-ECO-1024x437.png 1024w, https:\/\/desistore.com.mx\/astra\/wp-content\/uploads\/2023\/09\/VECTORDE-FICHA-TECNICA-ECO-768x328.png 768w, https:\/\/desistore.com.mx\/astra\/wp-content\/uploads\/2023\/09\/VECTORDE-FICHA-TECNICA-ECO-600x256.png 600w, https:\/\/desistore.com.mx\/astra\/wp-content\/uploads\/2023\/09\/VECTORDE-FICHA-TECNICA-ECO.png 1350w\" sizes=\"auto, (max-width: 300px) 100vw, 300px\" \/><\/a><\/p>\n","protected":false},"excerpt":{"rendered":"<ul>\n<li>Bueno para el uso diario o el uso en especificaci\u00f3n de visitante<\/li>\n<li>Marco m\u00e1s peque\u00f1o dimensionado para adaptarse a caras m\u00e1s peque\u00f1as<\/li>\n<li>Exclusivo recubrimiento resistente a los ara\u00f1azos Duramass\u00ae<\/li>\n<li>La lente de policarbonato es resistente y filtra el 99.9% de los rayos UV.<\/li>\n<\/ul>\n","protected":false},"featured_media":2754,"template":"","meta":{"_uag_custom_page_level_css":"","site-sidebar-layout":"default","site-content-layout":"content-boxed-container","ast-site-content-layout":"normal-width-container","site-content-style":"boxed","site-sidebar-style":"unboxed","ast-global-header-display":"","ast-banner-title-visibility":"","ast-main-header-display":"","ast-hfb-above-header-display":"","ast-hfb-below-header-display":"","ast-hfb-mobile-header-display":"","site-post-title":"","ast-breadcrumbs-content":"","ast-featured-img":"","footer-sml-layout":"","theme-transparent-header-meta":"default","adv-header-id-meta":"","stick-header-meta":"","header-above-stick-meta":"","header-main-stick-meta":"","header-below-stick-meta":"","astra-migrate-meta-layouts":"set","ast-page-background-enabled":"default","ast-page-background-meta":{"desktop":{"background-color":"","background-image":"","background-repeat":"repeat","background-position":"center center","background-size":"auto","background-attachment":"scroll","background-type":"","background-media":"","overlay-type":"","overlay-color":"","overlay-opacity":"","overlay-gradient":""},"tablet":{"background-color":"","background-image":"","background-repeat":"repeat","background-position":"center center","background-size":"auto","background-attachment":"scroll","background-type":"","background-media":"","overlay-type":"","overlay-color":"","overlay-opacity":"","overlay-gradient":""},"mobile":{"background-color":"","background-image":"","background-repeat":"repeat","background-position":"center center","background-size":"auto","background-attachment":"scroll","background-type":"","background-media":"","overlay-type":"","overlay-color":"","overlay-opacity":"","overlay-gradient":""}},"ast-content-background-meta":{"desktop":{"background-color":"var(--ast-global-color-5)","background-image":"","background-repeat":"repeat","background-position":"center center","background-size":"auto","background-attachment":"scroll","background-type":"","background-media":"","overlay-type":"","overlay-color":"","overlay-opacity":"","overlay-gradient":""},"tablet":{"background-color":"var(--ast-global-color-5)","background-image":"","background-repeat":"repeat","background-position":"center center","background-size":"auto","background-attachment":"scroll","background-type":"","background-media":"","overlay-type":"","overlay-color":"","overlay-opacity":"","overlay-gradient":""},"mobile":{"background-color":"var(--ast-global-color-5)","background-image":"","background-repeat":"repeat","background-position":"center center","background-size":"auto","background-attachment":"scroll","background-type":"","background-media":"","overlay-type":"","overlay-color":"","overlay-opacity":"","overlay-gradient":""}},"_joinchat":[]},"product_brand":[],"product_cat":[90],"product_tag":[29],"class_list":{"0":"post-2753","1":"product","2":"type-product","3":"status-publish","4":"has-post-thumbnail","6":"product_cat-proteccion-visual","7":"product_tag-mcr","8":"desktop-align-left","9":"tablet-align-left","10":"mobile-align-left","12":"first","13":"instock","14":"shipping-taxable","15":"product-type-simple"},"uagb_featured_image_src":{"full":["https:\/\/desistore.com.mx\/astra\/wp-content\/uploads\/2023\/08\/CL119.png",1092,1091,false],"thumbnail":["https:\/\/desistore.com.mx\/astra\/wp-content\/uploads\/2023\/08\/CL119-150x150.png",150,150,true],"medium":["https:\/\/desistore.com.mx\/astra\/wp-content\/uploads\/2023\/08\/CL119-300x300.png",300,300,true],"medium_large":["https:\/\/desistore.com.mx\/astra\/wp-content\/uploads\/2023\/08\/CL119-768x767.png",768,767,true],"large":["https:\/\/desistore.com.mx\/astra\/wp-content\/uploads\/2023\/08\/CL119-1024x1024.png",1024,1024,true],"1536x1536":["https:\/\/desistore.com.mx\/astra\/wp-content\/uploads\/2023\/08\/CL119.png",1092,1091,false],"2048x2048":["https:\/\/desistore.com.mx\/astra\/wp-content\/uploads\/2023\/08\/CL119.png",1092,1091,false],"woocommerce_thumbnail":["https:\/\/desistore.com.mx\/astra\/wp-content\/uploads\/2023\/08\/CL119-300x300.png",300,300,true],"woocommerce_single":["https:\/\/desistore.com.mx\/astra\/wp-content\/uploads\/2023\/08\/CL119-600x599.png",600,599,true],"woocommerce_gallery_thumbnail":["https:\/\/desistore.com.mx\/astra\/wp-content\/uploads\/2023\/08\/CL119-100x100.png",100,100,true]},"uagb_author_info":{"display_name":"admin","author_link":"https:\/\/desistore.com.mx\/astra\/author\/"},"uagb_comment_info":0,"uagb_excerpt":"Bueno para el uso diario o el uso en especificaci\u00f3n de visitante Marco m\u00e1s peque\u00f1o dimensionado para adaptarse a caras m\u00e1s peque\u00f1as Exclusivo recubrimiento resistente a los ara\u00f1azos Duramass\u00ae La lente de policarbonato es resistente y filtra el 99.9% de los rayos UV.","_links":{"self":[{"href":"https:\/\/desistore.com.mx\/astra\/wp-json\/wp\/v2\/product\/2753","targetHints":{"allow":["GET"]}}],"collection":[{"href":"https:\/\/desistore.com.mx\/astra\/wp-json\/wp\/v2\/product"}],"about":[{"href":"https:\/\/desistore.com.mx\/astra\/wp-json\/wp\/v2\/types\/product"}],"wp:featuredmedia":[{"embeddable":true,"href":"https:\/\/desistore.com.mx\/astra\/wp-json\/wp\/v2\/media\/2754"}],"wp:attachment":[{"href":"https:\/\/desistore.com.mx\/astra\/wp-json\/wp\/v2\/media?parent=2753"}],"wp:term":[{"taxonomy":"product_brand","embeddable":true,"href":"https:\/\/desistore.com.mx\/astra\/wp-json\/wp\/v2\/product_brand?post=2753"},{"taxonomy":"product_cat","embeddable":true,"href":"https:\/\/desistore.com.mx\/astra\/wp-json\/wp\/v2\/product_cat?post=2753"},{"taxonomy":"product_tag","embeddable":true,"href":"https:\/\/desistore.com.mx\/astra\/wp-json\/wp\/v2\/product_tag?post=2753"}],"curies":[{"name":"wp","href":"https:\/\/api.w.org\/{rel}","templated":true}]}}