{"id":3085,"date":"2023-08-17T22:09:38","date_gmt":"2023-08-17T22:09:38","guid":{"rendered":"https:\/\/desistore.com.mx\/?post_type=product&#038;p=3085"},"modified":"2025-01-27T22:44:34","modified_gmt":"2025-01-27T22:44:34","slug":"gte-ninja-ice-totalmente-recubierto","status":"publish","type":"product","link":"https:\/\/desistore.com.mx\/astra\/producto\/gte-ninja-ice-totalmente-recubierto\/","title":{"rendered":"Gte. Ninja ICE totalmente recubierto"},"content":{"rendered":"<p>Los guantes MCR Safety Ninja\u00ae est\u00e1n dise\u00f1ados para proporcionar el m\u00e1s alto<br \/>\nnivel de innovaci\u00f3n. Cada una de las ofertas de la serie Ninja\u00ae incluye una<br \/>\ncombinaci\u00f3n \u00fanica de cubierta y pol\u00edmero que incorpora lo \u00faltimo en tecnolog\u00eda<br \/>\nde protecci\u00f3n para las manos. Nuestra l\u00ednea de guantes Ninja\u00ae Ice ofrece la<br \/>\nmayor destreza, sentido del tacto y protecci\u00f3n. Los guantes Ninja\u00ae Ice<br \/>\nrecubrimiento completo cuentan con una cubierta de nylon negro calibre 15 y con<br \/>\nun forro interior de acr\u00edlico calibre 7. Guante completamente revestido de HPT<br \/>\nnegro. ANSI Calor de contacto Nivel 2 (284 \u00baF o 140 \u00baC). EN511 contacto fr\u00edo<br \/>\nNivel 2.<\/p>\n<p><a href=\"https:\/\/desistore.com.mx\/astra\/wp-content\/uploads\/2023\/08\/FICHA_TECNICA_N9690FC.pdf\"><img loading=\"lazy\" decoding=\"async\" class=\"alignnone size-medium wp-image-4415\" src=\"https:\/\/desistore.com.mx\/astra\/wp-content\/uploads\/2023\/09\/VECTORDE-FICHA-TECNICA-ECO-300x128.png\" alt=\"\" width=\"300\" height=\"128\" srcset=\"https:\/\/desistore.com.mx\/astra\/wp-content\/uploads\/2023\/09\/VECTORDE-FICHA-TECNICA-ECO-300x128.png 300w, https:\/\/desistore.com.mx\/astra\/wp-content\/uploads\/2023\/09\/VECTORDE-FICHA-TECNICA-ECO-1024x437.png 1024w, https:\/\/desistore.com.mx\/astra\/wp-content\/uploads\/2023\/09\/VECTORDE-FICHA-TECNICA-ECO-768x328.png 768w, https:\/\/desistore.com.mx\/astra\/wp-content\/uploads\/2023\/09\/VECTORDE-FICHA-TECNICA-ECO-600x256.png 600w, https:\/\/desistore.com.mx\/astra\/wp-content\/uploads\/2023\/09\/VECTORDE-FICHA-TECNICA-ECO.png 1350w\" sizes=\"auto, (max-width: 300px) 100vw, 300px\" \/><\/a><\/p>\n","protected":false},"excerpt":{"rendered":"<ul>\n<li>Forro de acr\u00edlico Terry para aislamiento \/ calor.<\/li>\n<li>El HPT negro repele los l\u00edquidos al tiempo que proporciona un fuerte agarre en ambiente h\u00famedo o seco<\/li>\n<li>El recubrimiento permanece suave en temperaturas tan bajas como -58 \u00baF<\/li>\n<li>Totalmente recubierto para m\u00e1xima protecci\u00f3n.<\/li>\n<li>Higienizado con ActiFresh\u00ae para prevenir olores y elimina las bacterias causadas por la transpiraci\u00f3n.<\/li>\n<li>ANSI Calor de contacto Nivel 2 (284 \u00baF o 140 \u00baC)<\/li>\n<\/ul>\n","protected":false},"featured_media":3086,"template":"","meta":{"_uag_custom_page_level_css":"","site-sidebar-layout":"default","site-content-layout":"","ast-site-content-layout":"default","site-content-style":"default","site-sidebar-style":"default","ast-global-header-display":"","ast-banner-title-visibility":"","ast-main-header-display":"","ast-hfb-above-header-display":"","ast-hfb-below-header-display":"","ast-hfb-mobile-header-display":"","site-post-title":"","ast-breadcrumbs-content":"","ast-featured-img":"","footer-sml-layout":"","theme-transparent-header-meta":"default","adv-header-id-meta":"","stick-header-meta":"","header-above-stick-meta":"","header-main-stick-meta":"","header-below-stick-meta":"","astra-migrate-meta-layouts":"set","ast-page-background-enabled":"default","ast-page-background-meta":{"desktop":{"background-color":"","background-image":"","background-repeat":"repeat","background-position":"center center","background-size":"auto","background-attachment":"scroll","background-type":"","background-media":"","overlay-type":"","overlay-color":"","overlay-opacity":"","overlay-gradient":""},"tablet":{"background-color":"","background-image":"","background-repeat":"repeat","background-position":"center center","background-size":"auto","background-attachment":"scroll","background-type":"","background-media":"","overlay-type":"","overlay-color":"","overlay-opacity":"","overlay-gradient":""},"mobile":{"background-color":"","background-image":"","background-repeat":"repeat","background-position":"center center","background-size":"auto","background-attachment":"scroll","background-type":"","background-media":"","overlay-type":"","overlay-color":"","overlay-opacity":"","overlay-gradient":""}},"ast-content-background-meta":{"desktop":{"background-color":"var(--ast-global-color-5)","background-image":"","background-repeat":"repeat","background-position":"center center","background-size":"auto","background-attachment":"scroll","background-type":"","background-media":"","overlay-type":"","overlay-color":"","overlay-opacity":"","overlay-gradient":""},"tablet":{"background-color":"var(--ast-global-color-5)","background-image":"","background-repeat":"repeat","background-position":"center center","background-size":"auto","background-attachment":"scroll","background-type":"","background-media":"","overlay-type":"","overlay-color":"","overlay-opacity":"","overlay-gradient":""},"mobile":{"background-color":"var(--ast-global-color-5)","background-image":"","background-repeat":"repeat","background-position":"center center","background-size":"auto","background-attachment":"scroll","background-type":"","background-media":"","overlay-type":"","overlay-color":"","overlay-opacity":"","overlay-gradient":""}},"_joinchat":[]},"product_brand":[],"product_cat":[15],"product_tag":[29],"class_list":{"0":"post-3085","1":"product","2":"type-product","3":"status-publish","4":"has-post-thumbnail","6":"product_cat-proteccion-para-las-manos","7":"product_tag-mcr","8":"desktop-align-left","9":"tablet-align-left","10":"mobile-align-left","12":"first","13":"instock","14":"shipping-taxable","15":"product-type-simple"},"uagb_featured_image_src":{"full":["https:\/\/desistore.com.mx\/astra\/wp-content\/uploads\/2023\/08\/N9690FC.png",1092,1091,false],"thumbnail":["https:\/\/desistore.com.mx\/astra\/wp-content\/uploads\/2023\/08\/N9690FC-150x150.png",150,150,true],"medium":["https:\/\/desistore.com.mx\/astra\/wp-content\/uploads\/2023\/08\/N9690FC-300x300.png",300,300,true],"medium_large":["https:\/\/desistore.com.mx\/astra\/wp-content\/uploads\/2023\/08\/N9690FC-768x767.png",768,767,true],"large":["https:\/\/desistore.com.mx\/astra\/wp-content\/uploads\/2023\/08\/N9690FC-1024x1024.png",1024,1024,true],"1536x1536":["https:\/\/desistore.com.mx\/astra\/wp-content\/uploads\/2023\/08\/N9690FC.png",1092,1091,false],"2048x2048":["https:\/\/desistore.com.mx\/astra\/wp-content\/uploads\/2023\/08\/N9690FC.png",1092,1091,false],"woocommerce_thumbnail":["https:\/\/desistore.com.mx\/astra\/wp-content\/uploads\/2023\/08\/N9690FC-300x300.png",300,300,true],"woocommerce_single":["https:\/\/desistore.com.mx\/astra\/wp-content\/uploads\/2023\/08\/N9690FC-600x599.png",600,599,true],"woocommerce_gallery_thumbnail":["https:\/\/desistore.com.mx\/astra\/wp-content\/uploads\/2023\/08\/N9690FC-100x100.png",100,100,true]},"uagb_author_info":{"display_name":"admin","author_link":"https:\/\/desistore.com.mx\/astra\/author\/"},"uagb_comment_info":0,"uagb_excerpt":"Forro de acr\u00edlico Terry para aislamiento \/ calor. El HPT negro repele los l\u00edquidos al tiempo que proporciona un fuerte agarre en ambiente h\u00famedo o seco El recubrimiento permanece suave en temperaturas tan bajas como -58 \u00baF Totalmente recubierto para m\u00e1xima protecci\u00f3n. Higienizado con ActiFresh\u00ae para prevenir olores y elimina las bacterias causadas por la&hellip;","_links":{"self":[{"href":"https:\/\/desistore.com.mx\/astra\/wp-json\/wp\/v2\/product\/3085","targetHints":{"allow":["GET"]}}],"collection":[{"href":"https:\/\/desistore.com.mx\/astra\/wp-json\/wp\/v2\/product"}],"about":[{"href":"https:\/\/desistore.com.mx\/astra\/wp-json\/wp\/v2\/types\/product"}],"wp:featuredmedia":[{"embeddable":true,"href":"https:\/\/desistore.com.mx\/astra\/wp-json\/wp\/v2\/media\/3086"}],"wp:attachment":[{"href":"https:\/\/desistore.com.mx\/astra\/wp-json\/wp\/v2\/media?parent=3085"}],"wp:term":[{"taxonomy":"product_brand","embeddable":true,"href":"https:\/\/desistore.com.mx\/astra\/wp-json\/wp\/v2\/product_brand?post=3085"},{"taxonomy":"product_cat","embeddable":true,"href":"https:\/\/desistore.com.mx\/astra\/wp-json\/wp\/v2\/product_cat?post=3085"},{"taxonomy":"product_tag","embeddable":true,"href":"https:\/\/desistore.com.mx\/astra\/wp-json\/wp\/v2\/product_tag?post=3085"}],"curies":[{"name":"wp","href":"https:\/\/api.w.org\/{rel}","templated":true}]}}