{"id":3483,"date":"2023-08-31T00:45:10","date_gmt":"2023-08-31T00:45:10","guid":{"rendered":"https:\/\/desistore.com.mx\/?post_type=product&#038;p=3483"},"modified":"2025-01-22T23:16:05","modified_gmt":"2025-01-22T23:16:05","slug":"guante-ind-terry-70-30-alg-poli-pesado","status":"publish","type":"product","link":"https:\/\/desistore.com.mx\/astra\/producto\/guante-ind-terry-70-30-alg-poli-pesado\/","title":{"rendered":"Guante. Ind. Terry 70\/30 alg\/poli pesado"},"content":{"rendered":"<p>La mayor\u00eda de los productos Terry o tambi\u00e9n conocidos como tela de toalla o tela<br \/>\nde rizo est\u00e1n elaboradas con algod\u00f3n porque la fibra absorbe y se fortalece<br \/>\ncuando se moja adem\u00e1s se puede desinfectar en agua muy caliente con lej\u00eda y<br \/>\ndetergente sin causar da\u00f1o. La tela de toalla generalmente se elabora como pila<br \/>\nde bucles porque los bucles act\u00faan como esponjas muy peque\u00f1as y pueden<br \/>\nabsorber hasta 27 veces su propio peso en agua. La pila de bucles tambi\u00e9n es<br \/>\ncapaz de resistir la tensi\u00f3n del roce, la tracci\u00f3n y el tir\u00f3n por parte del usuario. Los<br \/>\nbucles ligeramente torcidos son m\u00e1s suaves y absorbentes que los bucles<br \/>\nestrechamente torcidos, que producen un tejido m\u00e1s \u00e1spero. Estos guantes<br \/>\ncuentan con propiedad t\u00e9rmica dise\u00f1ados para el trabajo con altas temperaturas.<br \/>\nEl guante SX9403K con mezcla de algod\u00f3n\/poli\u00e9ster en color natural, 11.68<br \/>\npulgadas de longitud, 24 oz se recomienda utilizarlo en aplicaciones de calor sin<br \/>\nsobrepasar los 500\u00b0F (260\u00b0C) en el mercado industrial.<\/p>\n<p><a href=\"https:\/\/desistore.com.mx\/astra\/wp-content\/uploads\/2023\/08\/FICHA_TECNICA_SX9403K.pdf\"><img loading=\"lazy\" decoding=\"async\" class=\"alignnone size-medium wp-image-1780\" src=\"https:\/\/desistore.com.mx\/astra\/wp-content\/uploads\/2021\/04\/VECTORDE-FICHA-TECNICA1-300x127.png\" alt=\"\" width=\"300\" height=\"127\" srcset=\"https:\/\/desistore.com.mx\/astra\/wp-content\/uploads\/2021\/04\/VECTORDE-FICHA-TECNICA1-300x127.png 300w, https:\/\/desistore.com.mx\/astra\/wp-content\/uploads\/2021\/04\/VECTORDE-FICHA-TECNICA1.png 431w\" sizes=\"auto, (max-width: 300px) 100vw, 300px\" \/><\/a><\/p>\n","protected":false},"excerpt":{"rendered":"<ul>\n<li>Algod\u00f3n\/Poli\u00e9ster con protecci\u00f3n al calor sin pasar los 500\u00b0F(260\u00b0C)<\/li>\n<li>Mu\u00f1eca Tejida<\/li>\n<li>Excelente absorci\u00f3n<\/li>\n<li>Ambidiestro<\/li>\n<li>ANSI Calor de contacto Nivel 4 (500 \u00baF o 260 \u00baC)<\/li>\n<li>Propiedad t\u00e9rmica, dise\u00f1ado para el trabajo con calor<\/li>\n<\/ul>\n","protected":false},"featured_media":3484,"template":"","meta":{"_uag_custom_page_level_css":"","site-sidebar-layout":"default","site-content-layout":"","ast-site-content-layout":"default","site-content-style":"default","site-sidebar-style":"default","ast-global-header-display":"","ast-banner-title-visibility":"","ast-main-header-display":"","ast-hfb-above-header-display":"","ast-hfb-below-header-display":"","ast-hfb-mobile-header-display":"","site-post-title":"","ast-breadcrumbs-content":"","ast-featured-img":"","footer-sml-layout":"","theme-transparent-header-meta":"default","adv-header-id-meta":"","stick-header-meta":"","header-above-stick-meta":"","header-main-stick-meta":"","header-below-stick-meta":"","astra-migrate-meta-layouts":"set","ast-page-background-enabled":"default","ast-page-background-meta":{"desktop":{"background-color":"","background-image":"","background-repeat":"repeat","background-position":"center center","background-size":"auto","background-attachment":"scroll","background-type":"","background-media":"","overlay-type":"","overlay-color":"","overlay-opacity":"","overlay-gradient":""},"tablet":{"background-color":"","background-image":"","background-repeat":"repeat","background-position":"center center","background-size":"auto","background-attachment":"scroll","background-type":"","background-media":"","overlay-type":"","overlay-color":"","overlay-opacity":"","overlay-gradient":""},"mobile":{"background-color":"","background-image":"","background-repeat":"repeat","background-position":"center center","background-size":"auto","background-attachment":"scroll","background-type":"","background-media":"","overlay-type":"","overlay-color":"","overlay-opacity":"","overlay-gradient":""}},"ast-content-background-meta":{"desktop":{"background-color":"var(--ast-global-color-5)","background-image":"","background-repeat":"repeat","background-position":"center center","background-size":"auto","background-attachment":"scroll","background-type":"","background-media":"","overlay-type":"","overlay-color":"","overlay-opacity":"","overlay-gradient":""},"tablet":{"background-color":"var(--ast-global-color-5)","background-image":"","background-repeat":"repeat","background-position":"center center","background-size":"auto","background-attachment":"scroll","background-type":"","background-media":"","overlay-type":"","overlay-color":"","overlay-opacity":"","overlay-gradient":""},"mobile":{"background-color":"var(--ast-global-color-5)","background-image":"","background-repeat":"repeat","background-position":"center center","background-size":"auto","background-attachment":"scroll","background-type":"","background-media":"","overlay-type":"","overlay-color":"","overlay-opacity":"","overlay-gradient":""}},"_joinchat":[]},"product_brand":[],"product_cat":[15],"product_tag":[29],"class_list":{"0":"post-3483","1":"product","2":"type-product","3":"status-publish","4":"has-post-thumbnail","6":"product_cat-proteccion-para-las-manos","7":"product_tag-mcr","8":"desktop-align-left","9":"tablet-align-left","10":"mobile-align-left","12":"first","13":"instock","14":"shipping-taxable","15":"product-type-simple"},"uagb_featured_image_src":{"full":["https:\/\/desistore.com.mx\/astra\/wp-content\/uploads\/2023\/08\/SX9403K.png",1091,1089,false],"thumbnail":["https:\/\/desistore.com.mx\/astra\/wp-content\/uploads\/2023\/08\/SX9403K-150x150.png",150,150,true],"medium":["https:\/\/desistore.com.mx\/astra\/wp-content\/uploads\/2023\/08\/SX9403K-300x300.png",300,300,true],"medium_large":["https:\/\/desistore.com.mx\/astra\/wp-content\/uploads\/2023\/08\/SX9403K-768x767.png",768,767,true],"large":["https:\/\/desistore.com.mx\/astra\/wp-content\/uploads\/2023\/08\/SX9403K-1024x1022.png",1024,1022,true],"1536x1536":["https:\/\/desistore.com.mx\/astra\/wp-content\/uploads\/2023\/08\/SX9403K.png",1091,1089,false],"2048x2048":["https:\/\/desistore.com.mx\/astra\/wp-content\/uploads\/2023\/08\/SX9403K.png",1091,1089,false],"woocommerce_thumbnail":["https:\/\/desistore.com.mx\/astra\/wp-content\/uploads\/2023\/08\/SX9403K-300x300.png",300,300,true],"woocommerce_single":["https:\/\/desistore.com.mx\/astra\/wp-content\/uploads\/2023\/08\/SX9403K-600x599.png",600,599,true],"woocommerce_gallery_thumbnail":["https:\/\/desistore.com.mx\/astra\/wp-content\/uploads\/2023\/08\/SX9403K-100x100.png",100,100,true]},"uagb_author_info":{"display_name":"admin","author_link":"https:\/\/desistore.com.mx\/astra\/author\/"},"uagb_comment_info":0,"uagb_excerpt":"Algod\u00f3n\/Poli\u00e9ster con protecci\u00f3n al calor sin pasar los 500\u00b0F(260\u00b0C) Mu\u00f1eca Tejida Excelente absorci\u00f3n Ambidiestro ANSI Calor de contacto Nivel 4 (500 \u00baF o 260 \u00baC) Propiedad t\u00e9rmica, dise\u00f1ado para el trabajo con calor","_links":{"self":[{"href":"https:\/\/desistore.com.mx\/astra\/wp-json\/wp\/v2\/product\/3483","targetHints":{"allow":["GET"]}}],"collection":[{"href":"https:\/\/desistore.com.mx\/astra\/wp-json\/wp\/v2\/product"}],"about":[{"href":"https:\/\/desistore.com.mx\/astra\/wp-json\/wp\/v2\/types\/product"}],"wp:featuredmedia":[{"embeddable":true,"href":"https:\/\/desistore.com.mx\/astra\/wp-json\/wp\/v2\/media\/3484"}],"wp:attachment":[{"href":"https:\/\/desistore.com.mx\/astra\/wp-json\/wp\/v2\/media?parent=3483"}],"wp:term":[{"taxonomy":"product_brand","embeddable":true,"href":"https:\/\/desistore.com.mx\/astra\/wp-json\/wp\/v2\/product_brand?post=3483"},{"taxonomy":"product_cat","embeddable":true,"href":"https:\/\/desistore.com.mx\/astra\/wp-json\/wp\/v2\/product_cat?post=3483"},{"taxonomy":"product_tag","embeddable":true,"href":"https:\/\/desistore.com.mx\/astra\/wp-json\/wp\/v2\/product_tag?post=3483"}],"curies":[{"name":"wp","href":"https:\/\/api.w.org\/{rel}","templated":true}]}}