{"id":3508,"date":"2023-09-05T23:10:55","date_gmt":"2023-09-05T23:10:55","guid":{"rendered":"https:\/\/desistore.com.mx\/?post_type=product&#038;p=3508"},"modified":"2025-01-22T23:14:40","modified_gmt":"2025-01-22T23:14:40","slug":"gte-terry-hero-con-inserto-y-puno-de-lona","status":"publish","type":"product","link":"https:\/\/desistore.com.mx\/astra\/producto\/gte-terry-hero-con-inserto-y-puno-de-lona\/","title":{"rendered":"Gte. Terry hero con inserto y pu\u00f1o de lona"},"content":{"rendered":"<p>Los guantes tejidos de aramida Kevlar\u00ae son de alto rendimiento, se utilizan para<br \/>\naplicaciones de trabajo con prop\u00f3sito general proporcionan resistencia al corte y a<br \/>\nla abrasi\u00f3n, son ideales para aumentar la protecci\u00f3n de las manos cuando se<br \/>\ntrabaja con objetos afilados. Esta aramida cuenta con propiedad t\u00e9rmica, dise\u00f1ado<br \/>\npara el trabajo con calor. El guante SX9486ILL estilo Terry o tambi\u00e9n conocido<br \/>\ncomo tela de toalla o tambi\u00e9n como tela de rizo. Proporciona excelentes<br \/>\npropiedades te\u0301micas. Se utiliza con mayor frecuencia para aplicaciones de calor<br \/>\nligero en el mercado industrial. El SX9486ILL es un guante elaborado con mezcla<br \/>\nde Kevlar\u00ae\/algod\u00f3n con revestimiento de algod\u00f3n y pun\u0303o de lona en color<br \/>\nnatural.<\/p>\n<p><a href=\"https:\/\/desistore.com.mx\/astra\/wp-content\/uploads\/2023\/09\/FICHA_TECNICA_SX9486ILL.pdf\"><img loading=\"lazy\" decoding=\"async\" class=\"alignnone size-medium wp-image-4415\" src=\"https:\/\/desistore.com.mx\/astra\/wp-content\/uploads\/2023\/09\/VECTORDE-FICHA-TECNICA-ECO-300x128.png\" alt=\"\" width=\"300\" height=\"128\" srcset=\"https:\/\/desistore.com.mx\/astra\/wp-content\/uploads\/2023\/09\/VECTORDE-FICHA-TECNICA-ECO-300x128.png 300w, https:\/\/desistore.com.mx\/astra\/wp-content\/uploads\/2023\/09\/VECTORDE-FICHA-TECNICA-ECO-1024x437.png 1024w, https:\/\/desistore.com.mx\/astra\/wp-content\/uploads\/2023\/09\/VECTORDE-FICHA-TECNICA-ECO-768x328.png 768w, https:\/\/desistore.com.mx\/astra\/wp-content\/uploads\/2023\/09\/VECTORDE-FICHA-TECNICA-ECO-600x256.png 600w, https:\/\/desistore.com.mx\/astra\/wp-content\/uploads\/2023\/09\/VECTORDE-FICHA-TECNICA-ECO.png 1350w\" sizes=\"auto, (max-width: 300px) 100vw, 300px\" \/><\/a><\/p>\n","protected":false},"excerpt":{"rendered":"<ul>\n<li>Kevlar\u00ae con algod\u00f3n estilo terry con pu\u00f1o de lona<\/li>\n<li>Material fresco, c\u00f3modo y lavable<\/li>\n<li>Pu\u00f1o de lona de 10 x 6.25 pulgadas<\/li>\n<li>Acabado overlock &#8211; Sobrehilado<\/li>\n<li>Propiedad t\u00e9rmica, dise\u00f1ado para el trabajo con calor<\/li>\n<\/ul>\n","protected":false},"featured_media":3510,"template":"","meta":{"_uag_custom_page_level_css":"","site-sidebar-layout":"default","site-content-layout":"","ast-site-content-layout":"default","site-content-style":"default","site-sidebar-style":"default","ast-global-header-display":"","ast-banner-title-visibility":"","ast-main-header-display":"","ast-hfb-above-header-display":"","ast-hfb-below-header-display":"","ast-hfb-mobile-header-display":"","site-post-title":"","ast-breadcrumbs-content":"","ast-featured-img":"","footer-sml-layout":"","theme-transparent-header-meta":"default","adv-header-id-meta":"","stick-header-meta":"","header-above-stick-meta":"","header-main-stick-meta":"","header-below-stick-meta":"","astra-migrate-meta-layouts":"set","ast-page-background-enabled":"default","ast-page-background-meta":{"desktop":{"background-color":"","background-image":"","background-repeat":"repeat","background-position":"center center","background-size":"auto","background-attachment":"scroll","background-type":"","background-media":"","overlay-type":"","overlay-color":"","overlay-opacity":"","overlay-gradient":""},"tablet":{"background-color":"","background-image":"","background-repeat":"repeat","background-position":"center center","background-size":"auto","background-attachment":"scroll","background-type":"","background-media":"","overlay-type":"","overlay-color":"","overlay-opacity":"","overlay-gradient":""},"mobile":{"background-color":"","background-image":"","background-repeat":"repeat","background-position":"center center","background-size":"auto","background-attachment":"scroll","background-type":"","background-media":"","overlay-type":"","overlay-color":"","overlay-opacity":"","overlay-gradient":""}},"ast-content-background-meta":{"desktop":{"background-color":"var(--ast-global-color-5)","background-image":"","background-repeat":"repeat","background-position":"center center","background-size":"auto","background-attachment":"scroll","background-type":"","background-media":"","overlay-type":"","overlay-color":"","overlay-opacity":"","overlay-gradient":""},"tablet":{"background-color":"var(--ast-global-color-5)","background-image":"","background-repeat":"repeat","background-position":"center center","background-size":"auto","background-attachment":"scroll","background-type":"","background-media":"","overlay-type":"","overlay-color":"","overlay-opacity":"","overlay-gradient":""},"mobile":{"background-color":"var(--ast-global-color-5)","background-image":"","background-repeat":"repeat","background-position":"center center","background-size":"auto","background-attachment":"scroll","background-type":"","background-media":"","overlay-type":"","overlay-color":"","overlay-opacity":"","overlay-gradient":""}},"_joinchat":[]},"product_brand":[],"product_cat":[15],"product_tag":[29],"class_list":{"0":"post-3508","1":"product","2":"type-product","3":"status-publish","4":"has-post-thumbnail","6":"product_cat-proteccion-para-las-manos","7":"product_tag-mcr","8":"desktop-align-left","9":"tablet-align-left","10":"mobile-align-left","12":"first","13":"instock","14":"shipping-taxable","15":"product-type-simple"},"uagb_featured_image_src":{"full":["https:\/\/desistore.com.mx\/astra\/wp-content\/uploads\/2023\/09\/SX9486ILL.png",1091,1089,false],"thumbnail":["https:\/\/desistore.com.mx\/astra\/wp-content\/uploads\/2023\/09\/SX9486ILL-150x150.png",150,150,true],"medium":["https:\/\/desistore.com.mx\/astra\/wp-content\/uploads\/2023\/09\/SX9486ILL-300x300.png",300,300,true],"medium_large":["https:\/\/desistore.com.mx\/astra\/wp-content\/uploads\/2023\/09\/SX9486ILL-768x767.png",768,767,true],"large":["https:\/\/desistore.com.mx\/astra\/wp-content\/uploads\/2023\/09\/SX9486ILL-1024x1022.png",1024,1022,true],"1536x1536":["https:\/\/desistore.com.mx\/astra\/wp-content\/uploads\/2023\/09\/SX9486ILL.png",1091,1089,false],"2048x2048":["https:\/\/desistore.com.mx\/astra\/wp-content\/uploads\/2023\/09\/SX9486ILL.png",1091,1089,false],"woocommerce_thumbnail":["https:\/\/desistore.com.mx\/astra\/wp-content\/uploads\/2023\/09\/SX9486ILL-300x300.png",300,300,true],"woocommerce_single":["https:\/\/desistore.com.mx\/astra\/wp-content\/uploads\/2023\/09\/SX9486ILL-600x599.png",600,599,true],"woocommerce_gallery_thumbnail":["https:\/\/desistore.com.mx\/astra\/wp-content\/uploads\/2023\/09\/SX9486ILL-100x100.png",100,100,true]},"uagb_author_info":{"display_name":"admin","author_link":"https:\/\/desistore.com.mx\/astra\/author\/"},"uagb_comment_info":0,"uagb_excerpt":"Kevlar\u00ae con algod\u00f3n estilo terry con pu\u00f1o de lona Material fresco, c\u00f3modo y lavable Pu\u00f1o de lona de 10 x 6.25 pulgadas Acabado overlock - Sobrehilado Propiedad t\u00e9rmica, dise\u00f1ado para el trabajo con calor","_links":{"self":[{"href":"https:\/\/desistore.com.mx\/astra\/wp-json\/wp\/v2\/product\/3508","targetHints":{"allow":["GET"]}}],"collection":[{"href":"https:\/\/desistore.com.mx\/astra\/wp-json\/wp\/v2\/product"}],"about":[{"href":"https:\/\/desistore.com.mx\/astra\/wp-json\/wp\/v2\/types\/product"}],"wp:featuredmedia":[{"embeddable":true,"href":"https:\/\/desistore.com.mx\/astra\/wp-json\/wp\/v2\/media\/3510"}],"wp:attachment":[{"href":"https:\/\/desistore.com.mx\/astra\/wp-json\/wp\/v2\/media?parent=3508"}],"wp:term":[{"taxonomy":"product_brand","embeddable":true,"href":"https:\/\/desistore.com.mx\/astra\/wp-json\/wp\/v2\/product_brand?post=3508"},{"taxonomy":"product_cat","embeddable":true,"href":"https:\/\/desistore.com.mx\/astra\/wp-json\/wp\/v2\/product_cat?post=3508"},{"taxonomy":"product_tag","embeddable":true,"href":"https:\/\/desistore.com.mx\/astra\/wp-json\/wp\/v2\/product_tag?post=3508"}],"curies":[{"name":"wp","href":"https:\/\/api.w.org\/{rel}","templated":true}]}}