{"id":3922,"date":"2023-09-15T00:25:52","date_gmt":"2023-09-15T00:25:52","guid":{"rendered":"https:\/\/desistore.com.mx\/?post_type=product&#038;p=3922"},"modified":"2025-01-22T22:40:00","modified_gmt":"2025-01-22T22:40:00","slug":"guante-poliest-ngr-pma-latex-az-nr","status":"publish","type":"product","link":"https:\/\/desistore.com.mx\/astra\/producto\/guante-poliest-ngr-pma-latex-az-nr\/","title":{"rendered":"GUANTE POLIEST NGR PMA LATEX AZ-NR"},"content":{"rendered":"","protected":false},"excerpt":{"rendered":"<ul class=\"mrs-black\">\n<li>Puede ser utilizado con trabajo en seco.<\/li>\n<li>Buen agarr\u00e9 en zonas secas o h\u00famedas.<\/li>\n<li>Manipulaci\u00f3n de materiales delicados como lo es el vidrio.<\/li>\n<\/ul>\n","protected":false},"featured_media":3923,"template":"","meta":{"_uag_custom_page_level_css":"","site-sidebar-layout":"default","site-content-layout":"","ast-site-content-layout":"default","site-content-style":"default","site-sidebar-style":"default","ast-global-header-display":"","ast-banner-title-visibility":"","ast-main-header-display":"","ast-hfb-above-header-display":"","ast-hfb-below-header-display":"","ast-hfb-mobile-header-display":"","site-post-title":"","ast-breadcrumbs-content":"","ast-featured-img":"","footer-sml-layout":"","theme-transparent-header-meta":"default","adv-header-id-meta":"","stick-header-meta":"","header-above-stick-meta":"","header-main-stick-meta":"","header-below-stick-meta":"","astra-migrate-meta-layouts":"set","ast-page-background-enabled":"default","ast-page-background-meta":{"desktop":{"background-color":"","background-image":"","background-repeat":"repeat","background-position":"center center","background-size":"auto","background-attachment":"scroll","background-type":"","background-media":"","overlay-type":"","overlay-color":"","overlay-opacity":"","overlay-gradient":""},"tablet":{"background-color":"","background-image":"","background-repeat":"repeat","background-position":"center center","background-size":"auto","background-attachment":"scroll","background-type":"","background-media":"","overlay-type":"","overlay-color":"","overlay-opacity":"","overlay-gradient":""},"mobile":{"background-color":"","background-image":"","background-repeat":"repeat","background-position":"center center","background-size":"auto","background-attachment":"scroll","background-type":"","background-media":"","overlay-type":"","overlay-color":"","overlay-opacity":"","overlay-gradient":""}},"ast-content-background-meta":{"desktop":{"background-color":"var(--ast-global-color-5)","background-image":"","background-repeat":"repeat","background-position":"center center","background-size":"auto","background-attachment":"scroll","background-type":"","background-media":"","overlay-type":"","overlay-color":"","overlay-opacity":"","overlay-gradient":""},"tablet":{"background-color":"var(--ast-global-color-5)","background-image":"","background-repeat":"repeat","background-position":"center center","background-size":"auto","background-attachment":"scroll","background-type":"","background-media":"","overlay-type":"","overlay-color":"","overlay-opacity":"","overlay-gradient":""},"mobile":{"background-color":"var(--ast-global-color-5)","background-image":"","background-repeat":"repeat","background-position":"center center","background-size":"auto","background-attachment":"scroll","background-type":"","background-media":"","overlay-type":"","overlay-color":"","overlay-opacity":"","overlay-gradient":""}},"_joinchat":[]},"product_brand":[],"product_cat":[15],"product_tag":[128],"class_list":{"0":"post-3922","1":"product","2":"type-product","3":"status-publish","4":"has-post-thumbnail","6":"product_cat-proteccion-para-las-manos","7":"product_tag-mr","8":"desktop-align-left","9":"tablet-align-left","10":"mobile-align-left","12":"first","13":"instock","14":"shipping-taxable","15":"product-type-simple"},"uagb_featured_image_src":{"full":["https:\/\/desistore.com.mx\/astra\/wp-content\/uploads\/2023\/09\/SG1029.png",816,725,false],"thumbnail":["https:\/\/desistore.com.mx\/astra\/wp-content\/uploads\/2023\/09\/SG1029-150x150.png",150,150,true],"medium":["https:\/\/desistore.com.mx\/astra\/wp-content\/uploads\/2023\/09\/SG1029-300x267.png",300,267,true],"medium_large":["https:\/\/desistore.com.mx\/astra\/wp-content\/uploads\/2023\/09\/SG1029-768x682.png",768,682,true],"large":["https:\/\/desistore.com.mx\/astra\/wp-content\/uploads\/2023\/09\/SG1029.png",816,725,false],"1536x1536":["https:\/\/desistore.com.mx\/astra\/wp-content\/uploads\/2023\/09\/SG1029.png",816,725,false],"2048x2048":["https:\/\/desistore.com.mx\/astra\/wp-content\/uploads\/2023\/09\/SG1029.png",816,725,false],"woocommerce_thumbnail":["https:\/\/desistore.com.mx\/astra\/wp-content\/uploads\/2023\/09\/SG1029-300x300.png",300,300,true],"woocommerce_single":["https:\/\/desistore.com.mx\/astra\/wp-content\/uploads\/2023\/09\/SG1029-600x533.png",600,533,true],"woocommerce_gallery_thumbnail":["https:\/\/desistore.com.mx\/astra\/wp-content\/uploads\/2023\/09\/SG1029-100x100.png",100,100,true]},"uagb_author_info":{"display_name":"admin","author_link":"https:\/\/desistore.com.mx\/astra\/author\/"},"uagb_comment_info":0,"uagb_excerpt":"Puede ser utilizado con trabajo en seco. Buen agarr\u00e9 en zonas secas o h\u00famedas. Manipulaci\u00f3n de materiales delicados como lo es el vidrio.","_links":{"self":[{"href":"https:\/\/desistore.com.mx\/astra\/wp-json\/wp\/v2\/product\/3922","targetHints":{"allow":["GET"]}}],"collection":[{"href":"https:\/\/desistore.com.mx\/astra\/wp-json\/wp\/v2\/product"}],"about":[{"href":"https:\/\/desistore.com.mx\/astra\/wp-json\/wp\/v2\/types\/product"}],"wp:featuredmedia":[{"embeddable":true,"href":"https:\/\/desistore.com.mx\/astra\/wp-json\/wp\/v2\/media\/3923"}],"wp:attachment":[{"href":"https:\/\/desistore.com.mx\/astra\/wp-json\/wp\/v2\/media?parent=3922"}],"wp:term":[{"taxonomy":"product_brand","embeddable":true,"href":"https:\/\/desistore.com.mx\/astra\/wp-json\/wp\/v2\/product_brand?post=3922"},{"taxonomy":"product_cat","embeddable":true,"href":"https:\/\/desistore.com.mx\/astra\/wp-json\/wp\/v2\/product_cat?post=3922"},{"taxonomy":"product_tag","embeddable":true,"href":"https:\/\/desistore.com.mx\/astra\/wp-json\/wp\/v2\/product_tag?post=3922"}],"curies":[{"name":"wp","href":"https:\/\/api.w.org\/{rel}","templated":true}]}}