{"id":4075,"date":"2023-09-22T19:36:11","date_gmt":"2023-09-22T19:36:11","guid":{"rendered":"https:\/\/desistore.com.mx\/?post_type=product&#038;p=4075"},"modified":"2025-01-22T22:26:14","modified_gmt":"2025-01-22T22:26:14","slug":"44-118-guante-pvc-negro-45-cm","status":"publish","type":"product","link":"https:\/\/desistore.com.mx\/astra\/producto\/44-118-guante-pvc-negro-45-cm\/","title":{"rendered":"44-118 GUANTE PVC NEGRO 45 CM"},"content":{"rendered":"<p><a href=\"https:\/\/desistore.com.mx\/astra\/wp-content\/uploads\/2023\/09\/FICHA_TECNICA-44-118.pdf\"><img loading=\"lazy\" decoding=\"async\" class=\"alignnone size-medium wp-image-4415\" src=\"https:\/\/desistore.com.mx\/astra\/wp-content\/uploads\/2023\/09\/VECTORDE-FICHA-TECNICA-ECO-300x128.png\" alt=\"\" width=\"300\" height=\"128\" srcset=\"https:\/\/desistore.com.mx\/astra\/wp-content\/uploads\/2023\/09\/VECTORDE-FICHA-TECNICA-ECO-300x128.png 300w, https:\/\/desistore.com.mx\/astra\/wp-content\/uploads\/2023\/09\/VECTORDE-FICHA-TECNICA-ECO-1024x437.png 1024w, https:\/\/desistore.com.mx\/astra\/wp-content\/uploads\/2023\/09\/VECTORDE-FICHA-TECNICA-ECO-768x328.png 768w, https:\/\/desistore.com.mx\/astra\/wp-content\/uploads\/2023\/09\/VECTORDE-FICHA-TECNICA-ECO-600x256.png 600w, https:\/\/desistore.com.mx\/astra\/wp-content\/uploads\/2023\/09\/VECTORDE-FICHA-TECNICA-ECO.png 1350w\" sizes=\"auto, (max-width: 300px) 100vw, 300px\" \/><\/a><\/p>\n","protected":false},"excerpt":{"rendered":"<p>Guante negro con inmersi\u00f3n sencilla de pvc, de 18\u201d pulgadas de largo, con forro interno de algod\u00f3n, pu\u00f1o guantaleta, con inmersi\u00f3n sencilla de pvc negro, su acabado \u00e1spero mejora la manipulaci\u00f3n de piezas h\u00famedas o con presencia de grasas. El largo de su dise\u00f1o de 18\u201d pulgadas aumenta la protecci\u00f3n del antebrazo.Excelente resistencia a qu\u00edmicos, cortes, abrasi\u00f3n y desgarre.<\/p>\n","protected":false},"featured_media":4076,"template":"","meta":{"_uag_custom_page_level_css":"","site-sidebar-layout":"default","site-content-layout":"","ast-site-content-layout":"default","site-content-style":"default","site-sidebar-style":"default","ast-global-header-display":"","ast-banner-title-visibility":"","ast-main-header-display":"","ast-hfb-above-header-display":"","ast-hfb-below-header-display":"","ast-hfb-mobile-header-display":"","site-post-title":"","ast-breadcrumbs-content":"","ast-featured-img":"","footer-sml-layout":"","theme-transparent-header-meta":"default","adv-header-id-meta":"","stick-header-meta":"","header-above-stick-meta":"","header-main-stick-meta":"","header-below-stick-meta":"","astra-migrate-meta-layouts":"set","ast-page-background-enabled":"default","ast-page-background-meta":{"desktop":{"background-color":"","background-image":"","background-repeat":"repeat","background-position":"center center","background-size":"auto","background-attachment":"scroll","background-type":"","background-media":"","overlay-type":"","overlay-color":"","overlay-opacity":"","overlay-gradient":""},"tablet":{"background-color":"","background-image":"","background-repeat":"repeat","background-position":"center center","background-size":"auto","background-attachment":"scroll","background-type":"","background-media":"","overlay-type":"","overlay-color":"","overlay-opacity":"","overlay-gradient":""},"mobile":{"background-color":"","background-image":"","background-repeat":"repeat","background-position":"center center","background-size":"auto","background-attachment":"scroll","background-type":"","background-media":"","overlay-type":"","overlay-color":"","overlay-opacity":"","overlay-gradient":""}},"ast-content-background-meta":{"desktop":{"background-color":"var(--ast-global-color-5)","background-image":"","background-repeat":"repeat","background-position":"center center","background-size":"auto","background-attachment":"scroll","background-type":"","background-media":"","overlay-type":"","overlay-color":"","overlay-opacity":"","overlay-gradient":""},"tablet":{"background-color":"var(--ast-global-color-5)","background-image":"","background-repeat":"repeat","background-position":"center center","background-size":"auto","background-attachment":"scroll","background-type":"","background-media":"","overlay-type":"","overlay-color":"","overlay-opacity":"","overlay-gradient":""},"mobile":{"background-color":"var(--ast-global-color-5)","background-image":"","background-repeat":"repeat","background-position":"center center","background-size":"auto","background-attachment":"scroll","background-type":"","background-media":"","overlay-type":"","overlay-color":"","overlay-opacity":"","overlay-gradient":""}},"_joinchat":[]},"product_brand":[],"product_cat":[15],"product_tag":[30],"class_list":{"0":"post-4075","1":"product","2":"type-product","3":"status-publish","4":"has-post-thumbnail","6":"product_cat-proteccion-para-las-manos","7":"product_tag-dermacare","8":"desktop-align-left","9":"tablet-align-left","10":"mobile-align-left","12":"first","13":"instock","14":"shipping-taxable","15":"product-type-simple"},"uagb_featured_image_src":{"full":["https:\/\/desistore.com.mx\/astra\/wp-content\/uploads\/2023\/09\/44118.png",818,813,false],"thumbnail":["https:\/\/desistore.com.mx\/astra\/wp-content\/uploads\/2023\/09\/44118-150x150.png",150,150,true],"medium":["https:\/\/desistore.com.mx\/astra\/wp-content\/uploads\/2023\/09\/44118-300x298.png",300,298,true],"medium_large":["https:\/\/desistore.com.mx\/astra\/wp-content\/uploads\/2023\/09\/44118-768x763.png",768,763,true],"large":["https:\/\/desistore.com.mx\/astra\/wp-content\/uploads\/2023\/09\/44118.png",818,813,false],"1536x1536":["https:\/\/desistore.com.mx\/astra\/wp-content\/uploads\/2023\/09\/44118.png",818,813,false],"2048x2048":["https:\/\/desistore.com.mx\/astra\/wp-content\/uploads\/2023\/09\/44118.png",818,813,false],"woocommerce_thumbnail":["https:\/\/desistore.com.mx\/astra\/wp-content\/uploads\/2023\/09\/44118-300x300.png",300,300,true],"woocommerce_single":["https:\/\/desistore.com.mx\/astra\/wp-content\/uploads\/2023\/09\/44118-600x596.png",600,596,true],"woocommerce_gallery_thumbnail":["https:\/\/desistore.com.mx\/astra\/wp-content\/uploads\/2023\/09\/44118-100x100.png",100,100,true]},"uagb_author_info":{"display_name":"admin","author_link":"https:\/\/desistore.com.mx\/astra\/author\/"},"uagb_comment_info":0,"uagb_excerpt":"Guante negro con inmersi\u00f3n sencilla de pvc, de 18\u201d pulgadas de largo, con forro interno de algod\u00f3n, pu\u00f1o guantaleta, con inmersi\u00f3n sencilla de pvc negro, su acabado \u00e1spero mejora la manipulaci\u00f3n de piezas h\u00famedas o con presencia de grasas. El largo de su dise\u00f1o de 18\u201d pulgadas aumenta la protecci\u00f3n del antebrazo.Excelente resistencia a qu\u00edmicos,&hellip;","_links":{"self":[{"href":"https:\/\/desistore.com.mx\/astra\/wp-json\/wp\/v2\/product\/4075","targetHints":{"allow":["GET"]}}],"collection":[{"href":"https:\/\/desistore.com.mx\/astra\/wp-json\/wp\/v2\/product"}],"about":[{"href":"https:\/\/desistore.com.mx\/astra\/wp-json\/wp\/v2\/types\/product"}],"wp:featuredmedia":[{"embeddable":true,"href":"https:\/\/desistore.com.mx\/astra\/wp-json\/wp\/v2\/media\/4076"}],"wp:attachment":[{"href":"https:\/\/desistore.com.mx\/astra\/wp-json\/wp\/v2\/media?parent=4075"}],"wp:term":[{"taxonomy":"product_brand","embeddable":true,"href":"https:\/\/desistore.com.mx\/astra\/wp-json\/wp\/v2\/product_brand?post=4075"},{"taxonomy":"product_cat","embeddable":true,"href":"https:\/\/desistore.com.mx\/astra\/wp-json\/wp\/v2\/product_cat?post=4075"},{"taxonomy":"product_tag","embeddable":true,"href":"https:\/\/desistore.com.mx\/astra\/wp-json\/wp\/v2\/product_tag?post=4075"}],"curies":[{"name":"wp","href":"https:\/\/api.w.org\/{rel}","templated":true}]}}